{"id":12197,"date":"2020-02-14T17:49:02","date_gmt":"2020-02-14T16:49:02","guid":{"rendered":"https:\/\/www.zagrebsped.hr\/about-us\/"},"modified":"2020-04-08T17:52:39","modified_gmt":"2020-04-08T15:52:39","slug":"about-us","status":"publish","type":"page","link":"https:\/\/www.zagrebsped.hr\/en\/about-us\/","title":{"rendered":"About us"},"content":{"rendered":"<p>[vc_row][vc_column][vc_gallery interval=&#8221;3&#8243; images=&#8221;12123,12122,12124,12126,12128,12127,12136,12139&#8243; img_size=&#8221;full&#8221; onclick=&#8221;&#8221; css=&#8221;.vc_custom_1583954735731{margin-bottom: 60px !important;}&#8221;][vc_column_text]We are specialized in following types of work:[\/vc_column_text]<\/p>\n<div class=\"sc-list\">\n<ul>\n<li>logistic services<\/li>\n<li>storage and distribution of goods<\/li>\n<li>organization of road, rail, air and sea transportation<\/li>\n<li>customs intermediations<\/li>\n<li>custom clearance at border crossings<\/li>\n<li>Intrastat reporting<\/li>\n<li>organization of relocations for physical and legal persons<\/li>\n<li>rental of office and warehouse space<\/li>\n<li>professional advice in the field of transport, customs brokerage, foreign trade and foreign exchange operations<\/li>\n<li>working with private users (custom clearances, removals)<\/li>\n<li>bookkeeping services<\/li>\n<\/ul>\n<\/div>\n<p>[vc_column_text]We are\u00a0<a href=\"https:\/\/www.zagrebsped.hr\/en\/contact-us\/management\/\"><strong>headquartered<\/strong><\/a>\u00a0in Zagreb, with\u00a0<a href=\"https:\/\/www.zagrebsped.hr\/en\/contact-us\/podruznice\/\"><strong>branches<\/strong><\/a>\u00a0in Karlovac, Koprivnica, Osijek, Rijeka, Sisak, Slavonski Brod, Split, Vara\u017edin, Zadar and \u017dupanja.<\/p>\n<p>We have offices on following<a href=\"https:\/\/www.zagrebsped.hr\/en\/contact-us\/border-crossings\/\"><strong>\u00a0border crossings<\/strong><\/a>: Bajakovo, Li\u010dko Petrovo Selo, Maljevac, Stara Gradi\u0161ka, Slavonski Brod &#8211; most, Zagreb Airport, \u017dupanja &#8211; most, Jasenovac and Tovarnik.[\/vc_column_text][\/vc_column][\/vc_row][vc_row][vc_column]<div class=\"lazy-loading\"><a class=\"sc-button lazy-loading-item\" data-ll-effect=\"drop-right-without-wrap\" href=\"\/en\/contact-us\/\" target=\"_self\" style=\"color: #ffffff;background-color: #ff7070;\">CONTACT US<\/a><\/div>[\/vc_column][\/vc_row]<\/p>\n","protected":false},"excerpt":{"rendered":"<p>[vc_row][vc_column][vc_gallery interval=&#8221;3&#8243; images=&#8221;12123,12122,12124,12126,12128,12127,12136,12139&#8243; img_size=&#8221;full&#8221; onclick=&#8221;&#8221; css=&#8221;.vc_custom_1583954735731{margin-bottom: 60px !important;}&#8221;][vc_column_text]We are specialized in following types of work:[\/vc_column_text][vc_column_text]We are\u00a0headquartered\u00a0in Zagreb, with\u00a0branches\u00a0in Karlovac, Koprivnica,&#8230;<\/p>\n","protected":false},"author":1,"featured_media":12104,"parent":0,"menu_order":0,"comment_status":"closed","ping_status":"closed","template":"","meta":{"_monsterinsights_skip_tracking":false,"_monsterinsights_sitenote_active":false,"_monsterinsights_sitenote_note":"","_monsterinsights_sitenote_category":0,"footnotes":""},"class_list":["post-12197","page","type-page","status-publish","has-post-thumbnail","hentry"],"yoast_head":"<!-- This site is optimized with the Yoast SEO plugin v27.2 - https:\/\/yoast.com\/product\/yoast-seo-wordpress\/ -->\n<title>About us - Zagreb\u0161ped d.o.o.<\/title>\n<meta name=\"robots\" content=\"index, follow, max-snippet:-1, max-image-preview:large, max-video-preview:-1\" \/>\n<link rel=\"canonical\" href=\"https:\/\/www.zagrebsped.hr\/en\/about-us\/\" \/>\n<meta property=\"og:locale\" content=\"en_US\" \/>\n<meta property=\"og:type\" content=\"article\" \/>\n<meta property=\"og:title\" content=\"About us - Zagreb\u0161ped d.o.o.\" \/>\n<meta property=\"og:description\" content=\"[vc_row][vc_column][vc_gallery interval=&#8221;3&#8243; images=&#8221;12123,12122,12124,12126,12128,12127,12136,12139&#8243; img_size=&#8221;full&#8221; onclick=&#8221;&#8221; css=&#8221;.vc_custom_1583954735731{margin-bottom: 60px !important;}&#8221;][vc_column_text]We are specialized in following types of work:[\/vc_column_text][vc_column_text]We are\u00a0headquartered\u00a0in Zagreb, with\u00a0branches\u00a0in Karlovac, Koprivnica,...\" \/>\n<meta property=\"og:url\" content=\"https:\/\/www.zagrebsped.hr\/en\/about-us\/\" \/>\n<meta property=\"og:site_name\" content=\"Zagreb\u0161ped d.o.o.\" \/>\n<meta property=\"article:modified_time\" content=\"2020-04-08T15:52:39+00:00\" \/>\n<meta property=\"og:image\" content=\"https:\/\/www.zagrebsped.hr\/wp-content\/uploads\/2019\/12\/zagreb-vodovodna-01-velika.jpg\" \/>\n\t<meta property=\"og:image:width\" content=\"640\" \/>\n\t<meta property=\"og:image:height\" content=\"427\" \/>\n\t<meta property=\"og:image:type\" content=\"image\/jpeg\" \/>\n<meta name=\"twitter:card\" content=\"summary_large_image\" \/>\n<meta name=\"twitter:label1\" content=\"Est. reading time\" \/>\n\t<meta name=\"twitter:data1\" content=\"1 minute\" \/>\n<script type=\"application\/ld+json\" class=\"yoast-schema-graph\">{\"@context\":\"https:\/\/schema.org\",\"@graph\":[{\"@type\":\"WebPage\",\"@id\":\"https:\/\/www.zagrebsped.hr\/en\/about-us\/\",\"url\":\"https:\/\/www.zagrebsped.hr\/en\/about-us\/\",\"name\":\"About us - Zagreb\u0161ped d.o.o.\",\"isPartOf\":{\"@id\":\"https:\/\/www.zagrebsped.hr\/#website\"},\"primaryImageOfPage\":{\"@id\":\"https:\/\/www.zagrebsped.hr\/en\/about-us\/#primaryimage\"},\"image\":{\"@id\":\"https:\/\/www.zagrebsped.hr\/en\/about-us\/#primaryimage\"},\"thumbnailUrl\":\"https:\/\/www.zagrebsped.hr\/wp-content\/uploads\/2019\/12\/zagreb-vodovodna-01-velika.jpg\",\"datePublished\":\"2020-02-14T16:49:02+00:00\",\"dateModified\":\"2020-04-08T15:52:39+00:00\",\"breadcrumb\":{\"@id\":\"https:\/\/www.zagrebsped.hr\/en\/about-us\/#breadcrumb\"},\"inLanguage\":\"en-US\",\"potentialAction\":[{\"@type\":\"ReadAction\",\"target\":[\"https:\/\/www.zagrebsped.hr\/en\/about-us\/\"]}]},{\"@type\":\"ImageObject\",\"inLanguage\":\"en-US\",\"@id\":\"https:\/\/www.zagrebsped.hr\/en\/about-us\/#primaryimage\",\"url\":\"https:\/\/www.zagrebsped.hr\/wp-content\/uploads\/2019\/12\/zagreb-vodovodna-01-velika.jpg\",\"contentUrl\":\"https:\/\/www.zagrebsped.hr\/wp-content\/uploads\/2019\/12\/zagreb-vodovodna-01-velika.jpg\",\"width\":640,\"height\":427,\"caption\":\"Zagreb\u0161ped - Vodovodna\"},{\"@type\":\"BreadcrumbList\",\"@id\":\"https:\/\/www.zagrebsped.hr\/en\/about-us\/#breadcrumb\",\"itemListElement\":[{\"@type\":\"ListItem\",\"position\":1,\"name\":\"Po\u010detna stranica\",\"item\":\"https:\/\/www.zagrebsped.hr\/en\/\"},{\"@type\":\"ListItem\",\"position\":2,\"name\":\"About us\"}]},{\"@type\":\"WebSite\",\"@id\":\"https:\/\/www.zagrebsped.hr\/#website\",\"url\":\"https:\/\/www.zagrebsped.hr\/\",\"name\":\"Zagreb\u0161ped logistika\",\"description\":\"international forwarding, domestic and foreign trade\",\"publisher\":{\"@id\":\"https:\/\/www.zagrebsped.hr\/#organization\"},\"alternateName\":\"Zagreb\u0161ped\",\"potentialAction\":[{\"@type\":\"SearchAction\",\"target\":{\"@type\":\"EntryPoint\",\"urlTemplate\":\"https:\/\/www.zagrebsped.hr\/?s={search_term_string}\"},\"query-input\":{\"@type\":\"PropertyValueSpecification\",\"valueRequired\":true,\"valueName\":\"search_term_string\"}}],\"inLanguage\":\"en-US\"},{\"@type\":\"Organization\",\"@id\":\"https:\/\/www.zagrebsped.hr\/#organization\",\"name\":\"Zagreb\u0161ped d.o.o.\",\"url\":\"https:\/\/www.zagrebsped.hr\/\",\"logo\":{\"@type\":\"ImageObject\",\"inLanguage\":\"en-US\",\"@id\":\"https:\/\/www.zagrebsped.hr\/#\/schema\/logo\/image\/\",\"url\":\"https:\/\/www.zagrebsped.hr\/wp-content\/uploads\/2019\/12\/zagrebsped-logo-3x.png\",\"contentUrl\":\"https:\/\/www.zagrebsped.hr\/wp-content\/uploads\/2019\/12\/zagrebsped-logo-3x.png\",\"width\":618,\"height\":168,\"caption\":\"Zagreb\u0161ped d.o.o.\"},\"image\":{\"@id\":\"https:\/\/www.zagrebsped.hr\/#\/schema\/logo\/image\/\"}}]}<\/script>\n<!-- \/ Yoast SEO plugin. -->","yoast_head_json":{"title":"About us - Zagreb\u0161ped d.o.o.","robots":{"index":"index","follow":"follow","max-snippet":"max-snippet:-1","max-image-preview":"max-image-preview:large","max-video-preview":"max-video-preview:-1"},"canonical":"https:\/\/www.zagrebsped.hr\/en\/about-us\/","og_locale":"en_US","og_type":"article","og_title":"About us - Zagreb\u0161ped d.o.o.","og_description":"[vc_row][vc_column][vc_gallery interval=&#8221;3&#8243; images=&#8221;12123,12122,12124,12126,12128,12127,12136,12139&#8243; img_size=&#8221;full&#8221; onclick=&#8221;&#8221; css=&#8221;.vc_custom_1583954735731{margin-bottom: 60px !important;}&#8221;][vc_column_text]We are specialized in following types of work:[\/vc_column_text][vc_column_text]We are\u00a0headquartered\u00a0in Zagreb, with\u00a0branches\u00a0in Karlovac, Koprivnica,...","og_url":"https:\/\/www.zagrebsped.hr\/en\/about-us\/","og_site_name":"Zagreb\u0161ped d.o.o.","article_modified_time":"2020-04-08T15:52:39+00:00","og_image":[{"width":640,"height":427,"url":"https:\/\/www.zagrebsped.hr\/wp-content\/uploads\/2019\/12\/zagreb-vodovodna-01-velika.jpg","type":"image\/jpeg"}],"twitter_card":"summary_large_image","twitter_misc":{"Est. reading time":"1 minute"},"schema":{"@context":"https:\/\/schema.org","@graph":[{"@type":"WebPage","@id":"https:\/\/www.zagrebsped.hr\/en\/about-us\/","url":"https:\/\/www.zagrebsped.hr\/en\/about-us\/","name":"About us - Zagreb\u0161ped d.o.o.","isPartOf":{"@id":"https:\/\/www.zagrebsped.hr\/#website"},"primaryImageOfPage":{"@id":"https:\/\/www.zagrebsped.hr\/en\/about-us\/#primaryimage"},"image":{"@id":"https:\/\/www.zagrebsped.hr\/en\/about-us\/#primaryimage"},"thumbnailUrl":"https:\/\/www.zagrebsped.hr\/wp-content\/uploads\/2019\/12\/zagreb-vodovodna-01-velika.jpg","datePublished":"2020-02-14T16:49:02+00:00","dateModified":"2020-04-08T15:52:39+00:00","breadcrumb":{"@id":"https:\/\/www.zagrebsped.hr\/en\/about-us\/#breadcrumb"},"inLanguage":"en-US","potentialAction":[{"@type":"ReadAction","target":["https:\/\/www.zagrebsped.hr\/en\/about-us\/"]}]},{"@type":"ImageObject","inLanguage":"en-US","@id":"https:\/\/www.zagrebsped.hr\/en\/about-us\/#primaryimage","url":"https:\/\/www.zagrebsped.hr\/wp-content\/uploads\/2019\/12\/zagreb-vodovodna-01-velika.jpg","contentUrl":"https:\/\/www.zagrebsped.hr\/wp-content\/uploads\/2019\/12\/zagreb-vodovodna-01-velika.jpg","width":640,"height":427,"caption":"Zagreb\u0161ped - Vodovodna"},{"@type":"BreadcrumbList","@id":"https:\/\/www.zagrebsped.hr\/en\/about-us\/#breadcrumb","itemListElement":[{"@type":"ListItem","position":1,"name":"Po\u010detna stranica","item":"https:\/\/www.zagrebsped.hr\/en\/"},{"@type":"ListItem","position":2,"name":"About us"}]},{"@type":"WebSite","@id":"https:\/\/www.zagrebsped.hr\/#website","url":"https:\/\/www.zagrebsped.hr\/","name":"Zagreb\u0161ped logistika","description":"international forwarding, domestic and foreign trade","publisher":{"@id":"https:\/\/www.zagrebsped.hr\/#organization"},"alternateName":"Zagreb\u0161ped","potentialAction":[{"@type":"SearchAction","target":{"@type":"EntryPoint","urlTemplate":"https:\/\/www.zagrebsped.hr\/?s={search_term_string}"},"query-input":{"@type":"PropertyValueSpecification","valueRequired":true,"valueName":"search_term_string"}}],"inLanguage":"en-US"},{"@type":"Organization","@id":"https:\/\/www.zagrebsped.hr\/#organization","name":"Zagreb\u0161ped d.o.o.","url":"https:\/\/www.zagrebsped.hr\/","logo":{"@type":"ImageObject","inLanguage":"en-US","@id":"https:\/\/www.zagrebsped.hr\/#\/schema\/logo\/image\/","url":"https:\/\/www.zagrebsped.hr\/wp-content\/uploads\/2019\/12\/zagrebsped-logo-3x.png","contentUrl":"https:\/\/www.zagrebsped.hr\/wp-content\/uploads\/2019\/12\/zagrebsped-logo-3x.png","width":618,"height":168,"caption":"Zagreb\u0161ped d.o.o."},"image":{"@id":"https:\/\/www.zagrebsped.hr\/#\/schema\/logo\/image\/"}}]}},"_links":{"self":[{"href":"https:\/\/www.zagrebsped.hr\/en\/wp-json\/wp\/v2\/pages\/12197","targetHints":{"allow":["GET"]}}],"collection":[{"href":"https:\/\/www.zagrebsped.hr\/en\/wp-json\/wp\/v2\/pages"}],"about":[{"href":"https:\/\/www.zagrebsped.hr\/en\/wp-json\/wp\/v2\/types\/page"}],"author":[{"embeddable":true,"href":"https:\/\/www.zagrebsped.hr\/en\/wp-json\/wp\/v2\/users\/1"}],"replies":[{"embeddable":true,"href":"https:\/\/www.zagrebsped.hr\/en\/wp-json\/wp\/v2\/comments?post=12197"}],"version-history":[{"count":12,"href":"https:\/\/www.zagrebsped.hr\/en\/wp-json\/wp\/v2\/pages\/12197\/revisions"}],"predecessor-version":[{"id":12710,"href":"https:\/\/www.zagrebsped.hr\/en\/wp-json\/wp\/v2\/pages\/12197\/revisions\/12710"}],"wp:featuredmedia":[{"embeddable":true,"href":"https:\/\/www.zagrebsped.hr\/en\/wp-json\/wp\/v2\/media\/12104"}],"wp:attachment":[{"href":"https:\/\/www.zagrebsped.hr\/en\/wp-json\/wp\/v2\/media?parent=12197"}],"curies":[{"name":"wp","href":"https:\/\/api.w.org\/{rel}","templated":true}]}}