{"id":12336,"date":"2020-02-17T16:11:33","date_gmt":"2020-02-17T15:11:33","guid":{"rendered":"https:\/\/www.zagrebsped.hr\/services\/customs-intermediation\/transit-procedure\/"},"modified":"2020-04-08T18:00:49","modified_gmt":"2020-04-08T16:00:49","slug":"transit-procedure","status":"publish","type":"page","link":"https:\/\/www.zagrebsped.hr\/en\/services\/customs-intermediation\/transit-procedure\/","title":{"rendered":"Transit procedure"},"content":{"rendered":"<p>[vc_row][vc_column][vc_single_image image=&#8221;12107&#8243; img_size=&#8221;full&#8221;][vc_column_text]The transit procedure is a customs procedure which allows the movement of goods that don&#8217;t have the customs status of Community goods from one point to another within the customs territory of the Community.<\/p>\n<p>The goods that are brought into the customs territory of the Community are subject to customs supervision from the time of their entry and remain under customs supervision as long as necessary.<\/p>\n<p>Any person who assumes responsibility for the carriage of goods after the goods have entered the territory of the Community shall be responsible for the delivery of goods to a specified customs office.<\/p>\n<p>One transit declaration includes shipment from one customs office of dispatch to one customs office of destination. One vehicle can be used for unloading at more destination customs offices.<\/p>\n<p>To release the goods for transit the principal has to provide a guarantee which is sufficient to cover a customs debt that may arise.<\/p>\n<p>The goods can not be released into the transit procedure until their identity is secured. The identity of the goods is ensured by customs seals or by sufficienty precise description of the goods in the customs declaration, with the approval of the customs office.<\/p>\n<p>The transit procedure is considered completed and the obligations of the pricipal are considered fulfilled when the goods, prescribed documents and required information are submitted to the destination customs office.<\/p>\n<p>For goods intended to be brought into the customs territory of the Community or taken out of it it is mandatory to lodge a summary declaration: entry summary declaration (ENS) or exit summary declaration (EXS). The summary declarations can be lodged independently or together with customs data using the NCTS system.<\/p>\n<p>Our branch offices at the entrance\/exit of the customs territory of the EU are: Li\u010dko Petrovo Selo, Maljevac, Stara Gradi\u0161ka, Slavonski Brod, \u017dupanja, Bajakovo, Zagreb Airport and at other border crossings in accordance with the needs of the client.[\/vc_column_text][\/vc_column][\/vc_row][vc_row][vc_column][vc_column_text]<\/p>\n<h3>CONTACT US<\/h3>\n<p>[\/vc_column_text][\/vc_column][\/vc_row][vc_row][vc_column width=&#8221;1\/2&#8243;]<div class=\"sc-icon-with-text sc-icon-with-text-icon-size-small\"><div class=\"sc-icon-with-title sc-icon-with-title-icon-size-small\"><div class=\"sc-icon-with-title-icon\"><div class=\"sc-icon sc-icon-size-small  sc-icon-shape-circle sc-simple-icon\" style=\"\"><span class=\"sc-icon-half-1\" style=\"color: #9cdbf4;\"><span class=\"back-angle\">&#xe726;<\/span><\/span><span class=\"sc-icon-half-2\" style=\"color: #9cdbf4;\"><span class=\"back-angle\">&#xe726;<\/span><\/span><\/div><\/div><div class=\"sc-iconed-title\"><h6 style=\"\">Offices at border crossings<\/h6><\/div><\/div><div class=\"sc-icon-with-text-content\"><div class=\"sc-icon-with-text-empty\"><\/div><div class=\"sc-icon-with-text-text\">[vc_column_text]<a href=\"https:\/\/www.zagrebsped.hr\/contacts\/border-crossings\/?lang=en\">a list of offices with contact information<\/a>[\/vc_column_text]<\/div><\/div><div class=\"clearboth\"><\/div><\/div><div class=\"clearboth\"><\/div><div class=\"sc-divider\" style=\"margin-bottom: 20px;border-color: #d2dae1;\"><\/div><div class=\"sc-icon-with-text sc-icon-with-text-icon-size-small\"><div class=\"sc-icon-with-title sc-icon-with-title-icon-size-small\"><div class=\"sc-icon-with-title-icon\"><div class=\"sc-icon sc-icon-size-small  sc-icon-shape-circle sc-simple-icon\" style=\"\"><span class=\"sc-icon-half-1\" style=\"color: #9cdbf4;\"><span class=\"back-angle\">&#xe743;<\/span><\/span><span class=\"sc-icon-half-2\" style=\"color: #9cdbf4;\"><span class=\"back-angle\">&#xe743;<\/span><\/span><\/div><\/div><div class=\"sc-iconed-title\"><h6 style=\"\">Locations<\/h6><\/div><\/div><div class=\"sc-icon-with-text-content\"><div class=\"sc-icon-with-text-empty\"><\/div><div class=\"sc-icon-with-text-text\">[vc_column_text]<a href=\"https:\/\/www.zagrebsped.hr\/contacts\/interactive-map-2\/?lang=en\" target=\"_blank\" rel=\"noopener noreferrer\">map with office locations<\/a>[\/vc_column_text]<\/div><\/div><div class=\"clearboth\"><\/div><\/div><div class=\"clearboth\"><\/div><div class=\"sc-divider\" style=\"margin-bottom: 20px;border-color: #d2dae1;\"><\/div><div class=\"sc-icon-with-text sc-icon-with-text-icon-size-small\"><div class=\"sc-icon-with-title sc-icon-with-title-icon-size-small\"><div class=\"sc-icon-with-title-icon\"><div class=\"sc-icon sc-icon-size-small  sc-icon-shape-circle sc-simple-icon\" style=\"\"><span class=\"sc-icon-half-1\" style=\"color: #9cdbf4;\"><span class=\"back-angle\">&#xe6dd;<\/span><\/span><span class=\"sc-icon-half-2\" style=\"color: #9cdbf4;\"><span class=\"back-angle\">&#xe6dd;<\/span><\/span><\/div><\/div><div class=\"sc-iconed-title\"><h6 style=\"\">EMAIL<\/h6><\/div><\/div><div class=\"sc-icon-with-text-content\"><div class=\"sc-icon-with-text-empty\"><\/div><div class=\"sc-icon-with-text-text\">[vc_column_text]<a href=\"mailto:info@zagrebsped.hr\">info@zagrebsped.hr<\/a>[\/vc_column_text]<\/div><\/div><div class=\"clearboth\"><\/div><\/div>[\/vc_column][vc_column width=&#8221;1\/2&#8243;]\n<div class=\"wpcf7 no-js\" id=\"wpcf7-f12169-o1\" lang=\"en-US\" dir=\"ltr\" data-wpcf7-id=\"12169\">\n<div class=\"screen-reader-response\"><p role=\"status\" aria-live=\"polite\" aria-atomic=\"true\"><\/p> <ul><\/ul><\/div>\n<form action=\"\/en\/wp-json\/wp\/v2\/pages\/12336#wpcf7-f12169-o1\" method=\"post\" class=\"wpcf7-form init\" aria-label=\"Contact form\" novalidate=\"novalidate\" data-status=\"init\">\n<fieldset class=\"hidden-fields-container\"><input type=\"hidden\" name=\"_wpcf7\" value=\"12169\" \/><input type=\"hidden\" name=\"_wpcf7_version\" value=\"6.1.5\" \/><input type=\"hidden\" name=\"_wpcf7_locale\" value=\"en_US\" \/><input type=\"hidden\" name=\"_wpcf7_unit_tag\" value=\"wpcf7-f12169-o1\" \/><input type=\"hidden\" name=\"_wpcf7_container_post\" value=\"0\" \/><input type=\"hidden\" name=\"_wpcf7_posted_data_hash\" value=\"\" \/><input type=\"hidden\" name=\"_wpcf7_recaptcha_response\" value=\"\" \/>\n<\/fieldset>\n<div class=\"standart-mc-form\">\n\t<p>Name (required)\n\t<\/p>\n\t<p><span class=\"wpcf7-form-control-wrap\" data-name=\"your-name\"><input size=\"40\" maxlength=\"400\" class=\"wpcf7-form-control wpcf7-text wpcf7-validates-as-required\" aria-required=\"true\" aria-invalid=\"false\" value=\"\" type=\"text\" name=\"your-name\" \/><\/span>\n\t<\/p>\n\t<p>Email (required)\n\t<\/p>\n\t<p><span class=\"wpcf7-form-control-wrap\" data-name=\"your-email\"><input size=\"40\" maxlength=\"400\" class=\"wpcf7-form-control wpcf7-email wpcf7-validates-as-required wpcf7-text wpcf7-validates-as-email\" aria-required=\"true\" aria-invalid=\"false\" value=\"\" type=\"email\" name=\"your-email\" \/><\/span>\n\t<\/p>\n\t<p>Subject\n\t<\/p>\n\t<p><span class=\"wpcf7-form-control-wrap\" data-name=\"your-subject\"><input size=\"40\" maxlength=\"400\" class=\"wpcf7-form-control wpcf7-text\" aria-invalid=\"false\" value=\"\" type=\"text\" name=\"your-subject\" \/><\/span>\n\t<\/p>\n\t<p>Message\n\t<\/p>\n\t<p><span class=\"wpcf7-form-control-wrap\" data-name=\"your-message\"><textarea cols=\"40\" rows=\"10\" maxlength=\"2000\" class=\"wpcf7-form-control wpcf7-textarea\" aria-invalid=\"false\" name=\"your-message\"><\/textarea><\/span>\n\t<\/p>\n\t<p><span class=\"wpcf7-form-control-wrap\" data-name=\"your-consent\"><span class=\"wpcf7-form-control wpcf7-acceptance\"><span class=\"wpcf7-list-item\"><label><input type=\"checkbox\" name=\"your-consent\" value=\"1\" aria-invalid=\"false\" \/><span class=\"wpcf7-list-item-label\">I accept the <a href=\"\/en\/privacy-policy\" target=\"_blank\">Privacy Policy<\/a> of this website. I consent to having Zagreb\u0161ped collect my email and name in order to contact me.<\/span><\/label><\/span><\/span><\/span>\n\t<\/p>\n\t<p><input class=\"wpcf7-form-control wpcf7-submit has-spinner\" type=\"submit\" value=\"Send message\" \/>\n\t<\/p>\n<\/div><div class=\"wpcf7-response-output\" aria-hidden=\"true\"><\/div>\n<\/form>\n<\/div>\n[\/vc_column][\/vc_row]<\/p>\n","protected":false},"excerpt":{"rendered":"<p>[vc_row][vc_column][vc_single_image image=&#8221;12107&#8243; img_size=&#8221;full&#8221;][vc_column_text]The transit procedure is a customs procedure which allows the movement of goods that don&#8217;t have the customs&#8230;<\/p>\n","protected":false},"author":1,"featured_media":12107,"parent":12240,"menu_order":0,"comment_status":"closed","ping_status":"closed","template":"","meta":{"_monsterinsights_skip_tracking":false,"_monsterinsights_sitenote_active":false,"_monsterinsights_sitenote_note":"","_monsterinsights_sitenote_category":0,"footnotes":""},"class_list":["post-12336","page","type-page","status-publish","has-post-thumbnail","hentry"],"yoast_head":"<!-- This site is optimized with the Yoast SEO plugin v27.2 - https:\/\/yoast.com\/product\/yoast-seo-wordpress\/ -->\n<title>Transit procedure - Zagreb\u0161ped d.o.o.<\/title>\n<meta name=\"description\" content=\"The transit procedure is a customs procedure which allows the movement of goods that don&#039;t have the customs status of Community goods...\" \/>\n<meta name=\"robots\" content=\"index, follow, max-snippet:-1, max-image-preview:large, max-video-preview:-1\" \/>\n<link rel=\"canonical\" href=\"https:\/\/www.zagrebsped.hr\/en\/services\/customs-intermediation\/transit-procedure\/\" \/>\n<meta property=\"og:locale\" content=\"en_US\" \/>\n<meta property=\"og:type\" content=\"article\" \/>\n<meta property=\"og:title\" content=\"Transit procedure - Zagreb\u0161ped d.o.o.\" \/>\n<meta property=\"og:description\" content=\"The transit procedure is a customs procedure which allows the movement of goods that don&#039;t have the customs status of Community goods...\" \/>\n<meta property=\"og:url\" content=\"https:\/\/www.zagrebsped.hr\/en\/services\/customs-intermediation\/transit-procedure\/\" \/>\n<meta property=\"og:site_name\" content=\"Zagreb\u0161ped d.o.o.\" \/>\n<meta property=\"article:modified_time\" content=\"2020-04-08T16:00:49+00:00\" \/>\n<meta property=\"og:image\" content=\"https:\/\/www.zagrebsped.hr\/wp-content\/uploads\/2019\/12\/kamionski-transport.jpg\" \/>\n\t<meta property=\"og:image:width\" content=\"1024\" \/>\n\t<meta property=\"og:image:height\" content=\"476\" \/>\n\t<meta property=\"og:image:type\" content=\"image\/jpeg\" \/>\n<meta name=\"twitter:card\" content=\"summary_large_image\" \/>\n<meta name=\"twitter:label1\" content=\"Est. reading time\" \/>\n\t<meta name=\"twitter:data1\" content=\"2 minutes\" \/>\n<script type=\"application\/ld+json\" class=\"yoast-schema-graph\">{\"@context\":\"https:\/\/schema.org\",\"@graph\":[{\"@type\":\"WebPage\",\"@id\":\"https:\/\/www.zagrebsped.hr\/en\/services\/customs-intermediation\/transit-procedure\/\",\"url\":\"https:\/\/www.zagrebsped.hr\/en\/services\/customs-intermediation\/transit-procedure\/\",\"name\":\"Transit procedure - Zagreb\u0161ped d.o.o.\",\"isPartOf\":{\"@id\":\"https:\/\/www.zagrebsped.hr\/#website\"},\"primaryImageOfPage\":{\"@id\":\"https:\/\/www.zagrebsped.hr\/en\/services\/customs-intermediation\/transit-procedure\/#primaryimage\"},\"image\":{\"@id\":\"https:\/\/www.zagrebsped.hr\/en\/services\/customs-intermediation\/transit-procedure\/#primaryimage\"},\"thumbnailUrl\":\"https:\/\/www.zagrebsped.hr\/wp-content\/uploads\/2019\/12\/kamionski-transport.jpg\",\"datePublished\":\"2020-02-17T15:11:33+00:00\",\"dateModified\":\"2020-04-08T16:00:49+00:00\",\"description\":\"The transit procedure is a customs procedure which allows the movement of goods that don't have the customs status of Community goods...\",\"breadcrumb\":{\"@id\":\"https:\/\/www.zagrebsped.hr\/en\/services\/customs-intermediation\/transit-procedure\/#breadcrumb\"},\"inLanguage\":\"en-US\",\"potentialAction\":[{\"@type\":\"ReadAction\",\"target\":[\"https:\/\/www.zagrebsped.hr\/en\/services\/customs-intermediation\/transit-procedure\/\"]}]},{\"@type\":\"ImageObject\",\"inLanguage\":\"en-US\",\"@id\":\"https:\/\/www.zagrebsped.hr\/en\/services\/customs-intermediation\/transit-procedure\/#primaryimage\",\"url\":\"https:\/\/www.zagrebsped.hr\/wp-content\/uploads\/2019\/12\/kamionski-transport.jpg\",\"contentUrl\":\"https:\/\/www.zagrebsped.hr\/wp-content\/uploads\/2019\/12\/kamionski-transport.jpg\",\"width\":1024,\"height\":476,\"caption\":\"Truck transport\"},{\"@type\":\"BreadcrumbList\",\"@id\":\"https:\/\/www.zagrebsped.hr\/en\/services\/customs-intermediation\/transit-procedure\/#breadcrumb\",\"itemListElement\":[{\"@type\":\"ListItem\",\"position\":1,\"name\":\"Po\u010detna stranica\",\"item\":\"https:\/\/www.zagrebsped.hr\/en\/\"},{\"@type\":\"ListItem\",\"position\":2,\"name\":\"Services\",\"item\":\"https:\/\/www.zagrebsped.hr\/en\/services\/\"},{\"@type\":\"ListItem\",\"position\":3,\"name\":\"Customs intermediation\",\"item\":\"https:\/\/www.zagrebsped.hr\/en\/services\/customs-intermediation\/\"},{\"@type\":\"ListItem\",\"position\":4,\"name\":\"Transit procedure\"}]},{\"@type\":\"WebSite\",\"@id\":\"https:\/\/www.zagrebsped.hr\/#website\",\"url\":\"https:\/\/www.zagrebsped.hr\/\",\"name\":\"Zagreb\u0161ped logistika\",\"description\":\"international forwarding, domestic and foreign trade\",\"publisher\":{\"@id\":\"https:\/\/www.zagrebsped.hr\/#organization\"},\"alternateName\":\"Zagreb\u0161ped\",\"potentialAction\":[{\"@type\":\"SearchAction\",\"target\":{\"@type\":\"EntryPoint\",\"urlTemplate\":\"https:\/\/www.zagrebsped.hr\/?s={search_term_string}\"},\"query-input\":{\"@type\":\"PropertyValueSpecification\",\"valueRequired\":true,\"valueName\":\"search_term_string\"}}],\"inLanguage\":\"en-US\"},{\"@type\":\"Organization\",\"@id\":\"https:\/\/www.zagrebsped.hr\/#organization\",\"name\":\"Zagreb\u0161ped d.o.o.\",\"url\":\"https:\/\/www.zagrebsped.hr\/\",\"logo\":{\"@type\":\"ImageObject\",\"inLanguage\":\"en-US\",\"@id\":\"https:\/\/www.zagrebsped.hr\/#\/schema\/logo\/image\/\",\"url\":\"https:\/\/www.zagrebsped.hr\/wp-content\/uploads\/2019\/12\/zagrebsped-logo-3x.png\",\"contentUrl\":\"https:\/\/www.zagrebsped.hr\/wp-content\/uploads\/2019\/12\/zagrebsped-logo-3x.png\",\"width\":618,\"height\":168,\"caption\":\"Zagreb\u0161ped d.o.o.\"},\"image\":{\"@id\":\"https:\/\/www.zagrebsped.hr\/#\/schema\/logo\/image\/\"}}]}<\/script>\n<!-- \/ Yoast SEO plugin. -->","yoast_head_json":{"title":"Transit procedure - Zagreb\u0161ped d.o.o.","description":"The transit procedure is a customs procedure which allows the movement of goods that don't have the customs status of Community goods...","robots":{"index":"index","follow":"follow","max-snippet":"max-snippet:-1","max-image-preview":"max-image-preview:large","max-video-preview":"max-video-preview:-1"},"canonical":"https:\/\/www.zagrebsped.hr\/en\/services\/customs-intermediation\/transit-procedure\/","og_locale":"en_US","og_type":"article","og_title":"Transit procedure - Zagreb\u0161ped d.o.o.","og_description":"The transit procedure is a customs procedure which allows the movement of goods that don't have the customs status of Community goods...","og_url":"https:\/\/www.zagrebsped.hr\/en\/services\/customs-intermediation\/transit-procedure\/","og_site_name":"Zagreb\u0161ped d.o.o.","article_modified_time":"2020-04-08T16:00:49+00:00","og_image":[{"width":1024,"height":476,"url":"https:\/\/www.zagrebsped.hr\/wp-content\/uploads\/2019\/12\/kamionski-transport.jpg","type":"image\/jpeg"}],"twitter_card":"summary_large_image","twitter_misc":{"Est. reading time":"2 minutes"},"schema":{"@context":"https:\/\/schema.org","@graph":[{"@type":"WebPage","@id":"https:\/\/www.zagrebsped.hr\/en\/services\/customs-intermediation\/transit-procedure\/","url":"https:\/\/www.zagrebsped.hr\/en\/services\/customs-intermediation\/transit-procedure\/","name":"Transit procedure - Zagreb\u0161ped d.o.o.","isPartOf":{"@id":"https:\/\/www.zagrebsped.hr\/#website"},"primaryImageOfPage":{"@id":"https:\/\/www.zagrebsped.hr\/en\/services\/customs-intermediation\/transit-procedure\/#primaryimage"},"image":{"@id":"https:\/\/www.zagrebsped.hr\/en\/services\/customs-intermediation\/transit-procedure\/#primaryimage"},"thumbnailUrl":"https:\/\/www.zagrebsped.hr\/wp-content\/uploads\/2019\/12\/kamionski-transport.jpg","datePublished":"2020-02-17T15:11:33+00:00","dateModified":"2020-04-08T16:00:49+00:00","description":"The transit procedure is a customs procedure which allows the movement of goods that don't have the customs status of Community goods...","breadcrumb":{"@id":"https:\/\/www.zagrebsped.hr\/en\/services\/customs-intermediation\/transit-procedure\/#breadcrumb"},"inLanguage":"en-US","potentialAction":[{"@type":"ReadAction","target":["https:\/\/www.zagrebsped.hr\/en\/services\/customs-intermediation\/transit-procedure\/"]}]},{"@type":"ImageObject","inLanguage":"en-US","@id":"https:\/\/www.zagrebsped.hr\/en\/services\/customs-intermediation\/transit-procedure\/#primaryimage","url":"https:\/\/www.zagrebsped.hr\/wp-content\/uploads\/2019\/12\/kamionski-transport.jpg","contentUrl":"https:\/\/www.zagrebsped.hr\/wp-content\/uploads\/2019\/12\/kamionski-transport.jpg","width":1024,"height":476,"caption":"Truck transport"},{"@type":"BreadcrumbList","@id":"https:\/\/www.zagrebsped.hr\/en\/services\/customs-intermediation\/transit-procedure\/#breadcrumb","itemListElement":[{"@type":"ListItem","position":1,"name":"Po\u010detna stranica","item":"https:\/\/www.zagrebsped.hr\/en\/"},{"@type":"ListItem","position":2,"name":"Services","item":"https:\/\/www.zagrebsped.hr\/en\/services\/"},{"@type":"ListItem","position":3,"name":"Customs intermediation","item":"https:\/\/www.zagrebsped.hr\/en\/services\/customs-intermediation\/"},{"@type":"ListItem","position":4,"name":"Transit procedure"}]},{"@type":"WebSite","@id":"https:\/\/www.zagrebsped.hr\/#website","url":"https:\/\/www.zagrebsped.hr\/","name":"Zagreb\u0161ped logistika","description":"international forwarding, domestic and foreign trade","publisher":{"@id":"https:\/\/www.zagrebsped.hr\/#organization"},"alternateName":"Zagreb\u0161ped","potentialAction":[{"@type":"SearchAction","target":{"@type":"EntryPoint","urlTemplate":"https:\/\/www.zagrebsped.hr\/?s={search_term_string}"},"query-input":{"@type":"PropertyValueSpecification","valueRequired":true,"valueName":"search_term_string"}}],"inLanguage":"en-US"},{"@type":"Organization","@id":"https:\/\/www.zagrebsped.hr\/#organization","name":"Zagreb\u0161ped d.o.o.","url":"https:\/\/www.zagrebsped.hr\/","logo":{"@type":"ImageObject","inLanguage":"en-US","@id":"https:\/\/www.zagrebsped.hr\/#\/schema\/logo\/image\/","url":"https:\/\/www.zagrebsped.hr\/wp-content\/uploads\/2019\/12\/zagrebsped-logo-3x.png","contentUrl":"https:\/\/www.zagrebsped.hr\/wp-content\/uploads\/2019\/12\/zagrebsped-logo-3x.png","width":618,"height":168,"caption":"Zagreb\u0161ped d.o.o."},"image":{"@id":"https:\/\/www.zagrebsped.hr\/#\/schema\/logo\/image\/"}}]}},"_links":{"self":[{"href":"https:\/\/www.zagrebsped.hr\/en\/wp-json\/wp\/v2\/pages\/12336","targetHints":{"allow":["GET"]}}],"collection":[{"href":"https:\/\/www.zagrebsped.hr\/en\/wp-json\/wp\/v2\/pages"}],"about":[{"href":"https:\/\/www.zagrebsped.hr\/en\/wp-json\/wp\/v2\/types\/page"}],"author":[{"embeddable":true,"href":"https:\/\/www.zagrebsped.hr\/en\/wp-json\/wp\/v2\/users\/1"}],"replies":[{"embeddable":true,"href":"https:\/\/www.zagrebsped.hr\/en\/wp-json\/wp\/v2\/comments?post=12336"}],"version-history":[{"count":8,"href":"https:\/\/www.zagrebsped.hr\/en\/wp-json\/wp\/v2\/pages\/12336\/revisions"}],"predecessor-version":[{"id":12715,"href":"https:\/\/www.zagrebsped.hr\/en\/wp-json\/wp\/v2\/pages\/12336\/revisions\/12715"}],"up":[{"embeddable":true,"href":"https:\/\/www.zagrebsped.hr\/en\/wp-json\/wp\/v2\/pages\/12240"}],"wp:featuredmedia":[{"embeddable":true,"href":"https:\/\/www.zagrebsped.hr\/en\/wp-json\/wp\/v2\/media\/12107"}],"wp:attachment":[{"href":"https:\/\/www.zagrebsped.hr\/en\/wp-json\/wp\/v2\/media?parent=12336"}],"curies":[{"name":"wp","href":"https:\/\/api.w.org\/{rel}","templated":true}]}}